{"id":1750,"date":"2025-06-28T12:47:34","date_gmt":"2025-06-28T10:47:34","guid":{"rendered":"https:\/\/alcaeurope.com\/product\/tc-400\/"},"modified":"2026-04-16T11:18:23","modified_gmt":"2026-04-16T09:18:23","slug":"tc-400","status":"publish","type":"product","link":"https:\/\/alcaeurope.com\/fr\/product\/tc-400\/","title":{"rendered":"TC 400"},"excerpt":{"rendered":"<p>Le TC 400 est le mod\u00e8le id\u00e9al pour les particuliers qui recherchent simplicit\u00e9 d&rsquo;utilisation et praticit\u00e9, gr\u00e2ce au syst\u00e8me hydraulique qui caract\u00e9rise \u00e9galement les autres mod\u00e8les de la gamme.<\/p>\n","protected":false},"featured_media":1752,"template":"","meta":{"_acf_changed":false,"inline_featured_image":false},"application":[],"product-category":[58],"product-line":[59],"class_list":["post-1750","product","type-product","status-publish","has-post-thumbnail","hentry","product-category-minidumper-fr","product-line-tc-chenilles-fr"],"acf":[],"_links":{"self":[{"href":"https:\/\/alcaeurope.com\/fr\/wp-json\/wp\/v2\/product\/1750","targetHints":{"allow":["GET"]}}],"collection":[{"href":"https:\/\/alcaeurope.com\/fr\/wp-json\/wp\/v2\/product"}],"about":[{"href":"https:\/\/alcaeurope.com\/fr\/wp-json\/wp\/v2\/types\/product"}],"wp:featuredmedia":[{"embeddable":true,"href":"https:\/\/alcaeurope.com\/fr\/wp-json\/wp\/v2\/media\/1752"}],"wp:attachment":[{"href":"https:\/\/alcaeurope.com\/fr\/wp-json\/wp\/v2\/media?parent=1750"}],"wp:term":[{"taxonomy":"application","embeddable":true,"href":"https:\/\/alcaeurope.com\/fr\/wp-json\/wp\/v2\/application?post=1750"},{"taxonomy":"product-category","embeddable":true,"href":"https:\/\/alcaeurope.com\/fr\/wp-json\/wp\/v2\/product-category?post=1750"},{"taxonomy":"product-line","embeddable":true,"href":"https:\/\/alcaeurope.com\/fr\/wp-json\/wp\/v2\/product-line?post=1750"}],"curies":[{"name":"wp","href":"https:\/\/api.w.org\/{rel}","templated":true}]}}