{"id":2529,"date":"2025-06-20T10:34:08","date_gmt":"2025-06-20T08:34:08","guid":{"rendered":"https:\/\/alcaeurope.com\/?page_id=2529"},"modified":"2026-04-16T11:07:48","modified_gmt":"2026-04-16T09:07:48","slug":"produits","status":"publish","type":"page","link":"https:\/\/alcaeurope.com\/fr\/produits\/","title":{"rendered":"Produits"},"content":{"rendered":"\n<p class=\"is-style-default\"><\/p>\n\n\n\n\n<div class=\"boxpadding boxspacer alignwide\">\n    <section class=\"grid grid-cols-1 lg:grid-cols-2 gap-8 lg:gap-20\">\n        <article class=\"relative h-full w-full flex justify-center flex-col gap-5\">\n            <div class=\"relative flex flex-col text-sm lg:py-10 lg:text-base gap-2\">\n                                <h3 data-aos=\"fade-up\" data-aos-delay=\"50\" class=\"text-balance text-3xl tracking-tight xl:text-4xl mb-3 lg:mb-5 font-bold\">Nous avons des ann\u00e9es d&rsquo;exp\u00e9rience, mais nous sommes toujours aussi curieux qu&rsquo;au premier jour.<\/h3>\n                                    <div data-aos=\"fade-up\" data-aos-delay=\"100\" class=\"entry-content text-image-grid-class prose prose-neutral text-foreground prose-a:text-primary\">\n                        <p><span style=\"font-weight: 400\">La passion pour l&rsquo;innovation a toujours \u00e9t\u00e9 notre motivation pour cr\u00e9er des produits qui ont une valeur tangible pour le client. <\/span><span style=\"font-weight: 400\"><br \/>\n<\/span><span style=\"font-weight: 400\">Nous avons toujours cru en la valeur de la recherche et du d\u00e9veloppement, ainsi qu&rsquo;en la connexion avec les travailleurs qui utilisent nos machines hydrauliques.<\/span><span style=\"font-weight: 400\"><br \/>\n<\/span><span style=\"font-weight: 400\">Ce sont l\u00e0 les piliers de notre travail, qui nous ont permis de consolider une gamme de produits polyvalents et pratiques, con\u00e7us pour simplifier le travail difficile, du champ au chantier.<\/span><\/p>\n                    <\/div>\n                                <div class=\"flex gap-4 mt-5 \">\n                                            <a data-aos=\"fade-up\" data-aos-delay=\"150\" data-aos-anchor=\".text-image-grid-class\" href=\"https:\/\/alcaeurope.com\/fr\/qui-sommes-nous\/\" target=\"\" title=\"Qui sommes-nous\" class=\"relative inline-block cursor-pointer text-sm rounded-full px-6 py-2.5 font-medium focus:outline-none transition-all duration-300 ease-in-out focus-visible:outline-2 focus-visible:outline-offset-2 focus-visible:outline-primary focus-visible:ring-primary text-foreground hover:text-white bg-primary overflow-hidden group\">\n                            <span class=\"relative z-10\">Qui sommes-nous<\/span>\n                            <span class=\"absolute bottom-0 left-0 w-full h-0 bg-foreground transition-all duration-300 ease-in-out group-hover:h-full z-0\"><\/span>\n                        <\/a>\n                                                        <\/div>\n            <\/div>\n        <\/article>\n                    <figure data-aos=\"fade-up\" data-aos-delay=\"200\" class=\"relative order-first lg:order-last overflow-hidden rounded-2xl lg:rounded-4xl h-full w-full\">\n                <img decoding=\"async\" loading=\"lazy\" src=\"https:\/\/alcaeurope.com\/wp-content\/uploads\/2025\/07\/TC850H-7.png\" width=\"1080\" height=\"1080\" class=\"w-full h-full object-cover object-center\" alt=\"\">\n            <\/figure>\n            <\/section>\n<\/div>\n\n\n\n<div class=\"boxpadding boxspacer alignwide\">\n    <section class=\"grid grid-cols-1 lg:grid-cols-2 gap-8 lg:gap-20\">\n        <article class=\"relative h-full w-full flex justify-center flex-col gap-5\">\n            <div class=\"relative flex flex-col text-sm lg:py-10 lg:text-base gap-2\">\n                                <h3 data-aos=\"fade-up\" data-aos-delay=\"50\" class=\"text-balance text-3xl tracking-tight xl:text-4xl mb-3 lg:mb-5 font-bold\">Consultez notre catalogue<\/h3>\n                                    <div data-aos=\"fade-up\" data-aos-delay=\"100\" class=\"entry-content text-image-grid-class prose prose-neutral text-foreground prose-a:text-primary\">\n                        <p>Pour une vue d\u2019ensemble de nos produits<\/p>\n                    <\/div>\n                                <div class=\"flex gap-4 mt-5 \">\n                                            <a data-aos=\"fade-up\" data-aos-delay=\"150\" data-aos-anchor=\".text-image-grid-class\" href=\"https:\/\/alcaeurope.com\/wp-content\/uploads\/2026\/04\/Catalogo-ALCA-00-26-FRA_web.pdf\" target=\"\" title=\"Catalogue\" class=\"relative inline-block cursor-pointer text-sm rounded-full px-6 py-2.5 font-medium focus:outline-none transition-all duration-300 ease-in-out focus-visible:outline-2 focus-visible:outline-offset-2 focus-visible:outline-primary focus-visible:ring-primary text-foreground hover:text-white bg-primary overflow-hidden group\">\n                            <span class=\"relative z-10\">Catalogue<\/span>\n                            <span class=\"absolute bottom-0 left-0 w-full h-0 bg-foreground transition-all duration-300 ease-in-out group-hover:h-full z-0\"><\/span>\n                        <\/a>\n                                                        <\/div>\n            <\/div>\n        <\/article>\n                    <figure data-aos=\"fade-up\" data-aos-delay=\"200\" class=\"relative order-first overflow-hidden rounded-2xl lg:rounded-4xl h-full w-full\">\n                <img decoding=\"async\" loading=\"lazy\" src=\"https:\/\/alcaeurope.com\/wp-content\/uploads\/2026\/01\/foto-catalogo.png\" width=\"1200\" height=\"628\" class=\"w-full h-full object-cover object-center\" alt=\"\">\n            <\/figure>\n            <\/section>\n<\/div>","protected":false},"excerpt":{"rendered":"","protected":false},"author":2,"featured_media":0,"parent":0,"menu_order":22,"comment_status":"closed","ping_status":"closed","template":"page-product-list.php","meta":{"_acf_changed":false,"inline_featured_image":false,"footnotes":""},"class_list":["post-2529","page","type-page","status-publish","hentry"],"acf":[],"_links":{"self":[{"href":"https:\/\/alcaeurope.com\/fr\/wp-json\/wp\/v2\/pages\/2529","targetHints":{"allow":["GET"]}}],"collection":[{"href":"https:\/\/alcaeurope.com\/fr\/wp-json\/wp\/v2\/pages"}],"about":[{"href":"https:\/\/alcaeurope.com\/fr\/wp-json\/wp\/v2\/types\/page"}],"author":[{"embeddable":true,"href":"https:\/\/alcaeurope.com\/fr\/wp-json\/wp\/v2\/users\/2"}],"replies":[{"embeddable":true,"href":"https:\/\/alcaeurope.com\/fr\/wp-json\/wp\/v2\/comments?post=2529"}],"version-history":[{"count":5,"href":"https:\/\/alcaeurope.com\/fr\/wp-json\/wp\/v2\/pages\/2529\/revisions"}],"predecessor-version":[{"id":2975,"href":"https:\/\/alcaeurope.com\/fr\/wp-json\/wp\/v2\/pages\/2529\/revisions\/2975"}],"wp:attachment":[{"href":"https:\/\/alcaeurope.com\/fr\/wp-json\/wp\/v2\/media?parent=2529"}],"curies":[{"name":"wp","href":"https:\/\/api.w.org\/{rel}","templated":true}]}}