{"id":2488,"date":"2025-06-20T08:23:28","date_gmt":"2025-06-20T06:23:28","guid":{"rendered":"https:\/\/alcaeurope.com\/?page_id=2488"},"modified":"2026-03-09T16:24:40","modified_gmt":"2026-03-09T15:24:40","slug":"contactez-nous","status":"publish","type":"page","link":"https:\/\/alcaeurope.com\/fr\/contactez-nous\/","title":{"rendered":"Contactez-nous"},"content":{"rendered":"\n<div class=\"boxpadding boxspacer alignwide\">\n    <section class=\"grid grid-cols-1 lg:grid-cols-2 gap-8 lg:gap-20\">\n                    <div class=\"relative flex flex-col text-sm py-10 lg:text-base gap-2\">\n                <h3 data-aos=\"fade-up\" data-aos-delay=\"50\" class=\"text-balance text-3xl tracking-tight xl:text-4xl mb-3 lg:mb-5 font-bold\">ALCA Europe Srl <\/h3>\n                                    <div data-aos=\"fade-up\" data-aos-delay=\"100\" class=\"entry-content info-form-contact-class prose prose-neutral text-foreground prose-a:text-primary\">\n                        <p data-start=\"81\" data-end=\"192\"><strong data-start=\"81\" data-end=\"96\">N\u00b0 de TVA :<\/strong> IT04146650249<br data-start=\"108\" data-end=\"111\" \/><strong data-start=\"111\" data-end=\"124\">Adresse :<\/strong> Via dell&rsquo;Artigianato 14\/c<br \/>\n36048 Barbarano Mossano (VI) \u2013 Italie<\/p>\n<p data-start=\"194\" data-end=\"264\"><strong data-start=\"194\" data-end=\"209\">T\u00e9l\u00e9phone :<\/strong> +39 0444 183 8315<br data-start=\"227\" data-end=\"230\" \/><strong data-start=\"230\" data-end=\"242\">E-mail :<\/strong> <a class=\"decorated-link cursor-pointer\" rel=\"noopener\" data-start=\"243\" data-end=\"262\">info@alcaeurope.com<\/a><\/p>\n                    <\/div>\n                            <\/div>\n        \n        <div class=\"relative flex flex-col py-10 gap-2\">\n                            <h3 data-aos=\"fade-up\" data-aos-delay=\"50\" class=\"text-balance text-3xl tracking-tight xl:text-4xl mb-3 lg:mb-5 font-bold\">Parlez-nous de vos besoins<\/h3>\n                        <div data-aos=\"fade-up\" data-aos-delay=\"100\">\n                \n<div class=\"wpcf7 no-js\" id=\"wpcf7-f2615-o1\" lang=\"fr-FR\" dir=\"ltr\" data-wpcf7-id=\"2615\">\n<div class=\"screen-reader-response\"><p role=\"status\" aria-live=\"polite\" aria-atomic=\"true\"><\/p> <ul><\/ul><\/div>\n<form action=\"\/fr\/wp-json\/wp\/v2\/pages\/2488#wpcf7-f2615-o1\" method=\"post\" class=\"wpcf7-form init\" aria-label=\"Formulaire de contact\" enctype=\"multipart\/form-data\" novalidate=\"novalidate\" data-status=\"init\">\n<fieldset class=\"hidden-fields-container\"><input type=\"hidden\" name=\"_wpcf7\" value=\"2615\" \/><input type=\"hidden\" name=\"_wpcf7_version\" value=\"6.1.5\" \/><input type=\"hidden\" name=\"_wpcf7_locale\" value=\"fr_FR\" \/><input type=\"hidden\" name=\"_wpcf7_unit_tag\" value=\"wpcf7-f2615-o1\" \/><input type=\"hidden\" name=\"_wpcf7_container_post\" value=\"0\" \/><input type=\"hidden\" name=\"_wpcf7_posted_data_hash\" value=\"\" \/>\n<\/fieldset>\n<div class=\"wpcf7-turnstile cf-turnstile\" data-sitekey=\"0x4AAAAAAB0dEXW7Hc39gx2G\" data-response-field-name=\"_wpcf7_turnstile_response\"><\/div>\n\n<div>\n\t<p><label><span class=\"wpcf7-form-control-wrap\" data-name=\"your-name\"><input size=\"40\" maxlength=\"400\" class=\"wpcf7-form-control wpcf7-text wpcf7-validates-as-required\" autocomplete=\"name\" aria-required=\"true\" aria-invalid=\"false\" placeholder=\"Nom ou entreprise*\" value=\"\" type=\"text\" name=\"your-name\" \/><\/span> <\/label>\n\t<\/p>\n<\/div>\n<div>\n\t<p><label><span class=\"wpcf7-form-control-wrap\" data-name=\"your-email\"><input size=\"40\" maxlength=\"400\" class=\"wpcf7-form-control wpcf7-email wpcf7-validates-as-required wpcf7-text wpcf7-validates-as-email\" autocomplete=\"email\" aria-required=\"true\" aria-invalid=\"false\" placeholder=\"Adresse e-mail*\" value=\"\" type=\"email\" name=\"your-email\" \/><\/span> <\/label>\n\t<\/p>\n<\/div>\n<div>\n\t<p><label><span class=\"wpcf7-form-control-wrap\" data-name=\"tel-246\"><input size=\"40\" maxlength=\"400\" class=\"wpcf7-form-control wpcf7-tel wpcf7-validates-as-required wpcf7-text wpcf7-validates-as-tel\" aria-required=\"true\" aria-invalid=\"false\" placeholder=\"T\u00e9l\u00e9phone*\" value=\"\" type=\"tel\" name=\"tel-246\" \/><\/span><\/label>\n\t<\/p>\n<\/div>\n<div>\n\t<p><label><span class=\"wpcf7-form-control-wrap\" data-name=\"your-message\"><textarea cols=\"40\" rows=\"10\" maxlength=\"2000\" class=\"wpcf7-form-control wpcf7-textarea\" aria-invalid=\"false\" placeholder=\"Message\" name=\"your-message\"><\/textarea><\/span> <\/label>\n\t<\/p>\n<\/div>\n<div>\n\t<p><label><span class=\"wpcf7-form-control-wrap\" data-name=\"file-115\"><input size=\"40\" class=\"wpcf7-form-control wpcf7-file\" accept=\"audio\/*,video\/*,image\/*\" aria-invalid=\"false\" type=\"file\" name=\"file-115\" \/><\/span> <\/label>\n\t<\/p>\n<\/div>\n<div class=\"input-acceptance\">\n\t<p><span class=\"wpcf7-form-control-wrap\" data-name=\"acceptance-352\"><span class=\"wpcf7-form-control wpcf7-acceptance\"><span class=\"wpcf7-list-item\"><label><input type=\"checkbox\" name=\"acceptance-352\" value=\"1\" aria-invalid=\"false\" \/><span class=\"wpcf7-list-item-label\">J\u2019ai lu la politique de confidentialit\u00e9 et j\u2019accepte que mes donn\u00e9es soient conserv\u00e9es dans vos archives conform\u00e9ment au r\u00e8glement europ\u00e9en sur la protection des donn\u00e9es personnelles n\u00b0679\/2016 (RGPD).<\/span><\/label><\/span><\/span><\/span>\n\t<\/p>\n<\/div>\n<div>\n\t<p><input class=\"wpcf7-form-control wpcf7-submit has-spinner\" type=\"submit\" value=\"Envoyer la demande\" \/>\n\t<\/p>\n<\/div><div class=\"wpcf7-response-output\" aria-hidden=\"true\"><\/div>\n<\/form>\n<\/div>\n            <\/div>\n        <\/div>\n\n    <\/section>\n<\/div>\n\n\n<div class=\"boxspacer no-boxpadding alignwide\">\n    <section class=\"grid grid-cols-1 lg:grid-cols-2 lg:gap-10\">\n        <article data-aos=\"fade-up\" class=\"relative bg-primary h-full overflow-hidden lg:rounded-4xl w-full flex px-6 py-10 xl:p-14 justify-center flex-col gap-5\">\n            <div class=\"flex flex-col items-start justify-between w-full h-full text-sm lg:text-base gap-2\">\n                <div>\n                    <p data-aos=\"fade-up\" data-aos-delay=\"50\" class=\"uppercase text-sm tracking-widest mb-2\"><\/p>\n                    <h3 data-aos=\"fade-up\" data-aos-delay=\"100\" class=\"text-balance text-3xl tracking-tight xl:text-4xl mb-3 lg:mb-5 font-bold\">Nous sommes des techniciens. Mais nous savons \u00e9couter.<\/h3>\n                    <div data-aos=\"fade-up\" data-aos-delay=\"150\" class=\"entry-content box-primary-class prose prose-foreground text-foreground prose-a:text-primary\">\n                        <p><span style=\"font-weight: 400\">Notre \u00e9quipe est compos\u00e9e de personnes concr\u00e8tes et accessibles, qui ont des ann\u00e9es d&rsquo;exp\u00e9rience dans le domaine des machines hydrauliques. Nous proposons des solutions pr\u00eates \u00e0 l&#8217;emploi et personnalisables pour le transport et la manutention dans les secteurs agricole, de la construction et industriel. Chaque projet commence par une \u00e9coute attentive : nous comprenons votre travail, nous vous aidons \u00e0 choisir la machine qui vous convient et nous vous accompagnons avant, pendant et apr\u00e8s l&rsquo;achat.<\/span><\/p>\n                    <\/div>\n                <\/div>\n                <div data-aos=\"fade-up\" data-aos-delay=\"200\" data-aos-anchor=\".box-primary-class\" class=\"flex gap-4 mt-5\">\n                                            <a href=\"https:\/\/alcaeurope.com\/fr\/qui-sommes-nous\/\" target=\"\" title=\"Qui sommes-nous\" class=\"relative inline-block cursor-pointer text-sm rounded-full px-6 py-2.5 font-medium focus:outline-none ring ring-foreground transition-all duration-300 ease-in-out focus-visible:outline-2 focus-visible:outline-offset-2 focus-visible:outline-primary focus-visible:ring-primary text-foreground hover:text-white bg-primary overflow-hidden group\">\n                            <span class=\"relative z-10\">Qui sommes-nous<\/span>\n                            <span class=\"absolute bottom-0 left-0 w-full h-0 bg-foreground transition-all duration-300 ease-in-out group-hover:h-full z-0\"><\/span>\n                        <\/a>\n                                    <\/div>\n            <\/div>\n        <\/article>\n        <article data-aos=\"fade-up\" data-aos-delay=\"100\" class=\"relative bg-foreground overflow-hidden text-white lg:rounded-4xl h-full w-full flex px-6 py-10 xl:p-14 justify-center flex-col gap-5\">\n            <div class=\"flex flex-col items-start justify-between w-full h-full text-sm lg:text-base gap-2\">\n                <div>\n                    <p data-aos=\"fade-up\" data-aos-delay=\"150\" class=\"uppercase text-sm tracking-widest mb-2\"><\/p>\n                    <h3 data-aos=\"fade-up\" data-aos-delay=\"200\" class=\" text-balance text-3xl tracking-tight xl:text-4xl mb-3 lg:mb-5 font-bold\">Produits personnalis\u00e9s<\/h3>\n                    <div data-aos=\"fade-up\" data-aos-delay=\"250\" class=\"entry-content box-foreground-class prose prose-white text-white prose-a:text-primary\">\n                        <p><span style=\"font-weight: 400\">Chaque projet est diff\u00e9rent. C&rsquo;est pourquoi nos machines sont configurables en fonction de vos besoins r\u00e9els. Des bennes basculantes aux caisses surdimensionn\u00e9es, des plates-formes de chargement aux accessoires sur demande, notre objectif est de simplifier votre travail.<\/span><\/p>\n<p><span style=\"font-weight: 400\">Agriculture, construction, industrie : quel que soit le contexte op\u00e9rationnel, nous vous aidons \u00e0 choisir et \u00e0 construire la machine adapt\u00e9e pour y faire face. Le syst\u00e8me hydraulique avanc\u00e9 garantit contr\u00f4le, pr\u00e9cision et maniabilit\u00e9, m\u00eame sur des terrains complexes.<\/span><\/p>\n                    <\/div>\n                <\/div>\n                <div data-aos=\"fade-up\" data-aos-delay=\"300\" data-aos-anchor=\".box-foreground-class\" class=\"flex gap-4 mt-5\">\n                                            <a href=\"https:\/\/alcaeurope.com\/fr\/secteurs\/\" target=\"\" title=\"D\u00e9couvrez tout\" class=\"relative inline-block cursor-pointer text-sm rounded-full px-6 py-2.5 font-medium focus:outline-none ring ring-background transition-all duration-300 ease-in-out focus-visible:outline-2 focus-visible:outline-offset-2 focus-visible:outline-primary focus-visible:ring-primary text-background hover:text-foreground bg-transparent overflow-hidden group\">\n                            <span class=\"relative z-10\">D\u00e9couvrez tout<\/span>\n                            <span class=\"absolute bottom-0 left-0 w-full h-0 bg-background transition-all duration-300 ease-in-out group-hover:h-full z-0\"><\/span>\n                        <\/a>\n                                    <\/div>\n            <\/div>\n        <\/article>\n    <\/section>\n<\/div>","protected":false},"excerpt":{"rendered":"","protected":false},"author":2,"featured_media":0,"parent":0,"menu_order":9,"comment_status":"closed","ping_status":"closed","template":"","meta":{"_acf_changed":false,"inline_featured_image":false,"footnotes":""},"class_list":["post-2488","page","type-page","status-publish","hentry"],"acf":[],"_links":{"self":[{"href":"https:\/\/alcaeurope.com\/fr\/wp-json\/wp\/v2\/pages\/2488","targetHints":{"allow":["GET"]}}],"collection":[{"href":"https:\/\/alcaeurope.com\/fr\/wp-json\/wp\/v2\/pages"}],"about":[{"href":"https:\/\/alcaeurope.com\/fr\/wp-json\/wp\/v2\/types\/page"}],"author":[{"embeddable":true,"href":"https:\/\/alcaeurope.com\/fr\/wp-json\/wp\/v2\/users\/2"}],"replies":[{"embeddable":true,"href":"https:\/\/alcaeurope.com\/fr\/wp-json\/wp\/v2\/comments?post=2488"}],"version-history":[{"count":8,"href":"https:\/\/alcaeurope.com\/fr\/wp-json\/wp\/v2\/pages\/2488\/revisions"}],"predecessor-version":[{"id":2902,"href":"https:\/\/alcaeurope.com\/fr\/wp-json\/wp\/v2\/pages\/2488\/revisions\/2902"}],"wp:attachment":[{"href":"https:\/\/alcaeurope.com\/fr\/wp-json\/wp\/v2\/media?parent=2488"}],"curies":[{"name":"wp","href":"https:\/\/api.w.org\/{rel}","templated":true}]}}