{"id":2481,"date":"2025-06-20T07:09:49","date_gmt":"2025-06-20T05:09:49","guid":{"rendered":"https:\/\/alcaeurope.com\/?page_id=2481"},"modified":"2025-10-06T12:03:53","modified_gmt":"2025-10-06T10:03:53","slug":"qui-sommes-nous","status":"publish","type":"page","link":"https:\/\/alcaeurope.com\/fr\/qui-sommes-nous\/","title":{"rendered":"Qui sommes-nous"},"content":{"rendered":"\n\n<div class=\"boxpadding boxspacer \">\n    <section class=\"relative\">\n        <article class=\"relative h-full w-full flex justify-center flex-col gap-5\">\n            <div class=\"relative flex flex-col text-sm lg:py-10 text-center max-w-2xl mx-auto lg:text-base gap-2\">\n                                <h3 data-aos=\"fade-up\" data-aos-delay=\"100\" class=\"text-balance text-3xl tracking-tight xl:text-4xl mb-3 font-bold\">Les relations sont notre moteur.<\/h3>\n                                    <div data-aos=\"fade-up\" data-aos-delay=\"150\" class=\"entry-content simple-text-center-class prose prose-neutral text-balance text-foreground prose-a:text-primary\">\n                        <p><span style=\"font-weight: 400\">Alca Europe est n\u00e9e de l&rsquo;union entre le professionnalisme technique, la joie de concevoir et la satisfaction d&rsquo;aider les gens \u00e0 travailler au mieux.<\/span><span style=\"font-weight: 400\"><br \/>\n<\/span><span style=\"font-weight: 400\">Depuis des ann\u00e9es, nous consid\u00e9rons vos projets comme s&rsquo;ils \u00e9taient un peu les n\u00f4tres.<\/span><\/p>\n                    <\/div>\n                                            <\/div>\n        <\/article>\n    <\/section>\n<\/div>\n\n\n\n<div class=\"boxpadding boxspacer alignwide\">\n    <section class=\"grid grid-cols-1 lg:grid-cols-2 gap-8 lg:gap-20\">\n        <article class=\"relative h-full w-full flex justify-center flex-col gap-5\">\n            <div class=\"relative flex flex-col text-sm lg:py-10 lg:text-base gap-2\">\n                                <h3 data-aos=\"fade-up\" data-aos-delay=\"50\" class=\"text-balance text-3xl tracking-tight xl:text-4xl mb-3 lg:mb-5 font-bold\">Fiabilit\u00e9, int\u00e9grit\u00e9, empathie<\/h3>\n                                    <div data-aos=\"fade-up\" data-aos-delay=\"100\" class=\"entry-content text-image-grid-class prose prose-neutral text-foreground prose-a:text-primary\">\n                        <p><span style=\"font-weight: 400\">Notre travail repose sur des valeurs simples mais solides : fiabilit\u00e9, int\u00e9grit\u00e9 et empathie. Nous croyons aux relations authentiques, \u00e0 la transparence et \u00e0 l&rsquo;\u00e9coute des besoins de ceux qui nous font confiance. <\/span><\/p>\n<p><span style=\"font-weight: 400\">Chaque machine que nous construisons nous ressemble : elle est concr\u00e8te, robuste, faite pour durer et aller droit au but. Notre engagement est d&rsquo;offrir des solutions qui ne se contentent pas de fonctionner, mais qui deviennent des outils de travail sur lesquels on peut compter chaque jour. C&rsquo;est pourquoi nous visons sur la qualit\u00e9, l&rsquo;assistance continue et une relation directe avec le client, qui est avant tout un partenaire pour nous.<\/span><\/p>\n                    <\/div>\n                                <div class=\"flex gap-4 mt-5 \">\n                                                        <\/div>\n            <\/div>\n        <\/article>\n                    <figure data-aos=\"fade-up\" data-aos-delay=\"200\" class=\"relative order-first overflow-hidden rounded-2xl lg:rounded-4xl h-full w-full\">\n                <img decoding=\"async\" loading=\"lazy\" src=\"https:\/\/alcaeurope.com\/wp-content\/uploads\/2025\/08\/4.jpg\" width=\"2256\" height=\"1500\" class=\"w-full h-full object-cover object-center\" alt=\"\">\n            <\/figure>\n            <\/section>\n<\/div>\n\n\n\n<div class=\"boxpadding boxspacer alignwide\">\n    <section class=\"grid grid-cols-1 lg:grid-cols-2 gap-8 lg:gap-20\">\n        <article class=\"relative h-full w-full flex justify-center flex-col gap-5\">\n            <div class=\"relative flex flex-col text-sm lg:py-10 lg:text-base gap-2\">\n                                <h3 data-aos=\"fade-up\" data-aos-delay=\"50\" class=\"text-balance text-3xl tracking-tight xl:text-4xl mb-3 lg:mb-5 font-bold\">Nous avons des ann\u00e9es d&rsquo;exp\u00e9rience, mais nous sommes toujours aussi curieux qu&rsquo;au premier jour.<\/h3>\n                                    <div data-aos=\"fade-up\" data-aos-delay=\"100\" class=\"entry-content text-image-grid-class prose prose-neutral text-foreground prose-a:text-primary\">\n                        <p><span style=\"font-weight: 400\">La passion pour l&rsquo;innovation a toujours \u00e9t\u00e9 notre motivation pour cr\u00e9er des produits qui ont une valeur tangible pour le client. <\/span><span style=\"font-weight: 400\"><br \/>\n<\/span><span style=\"font-weight: 400\">Nous avons toujours cru en la valeur de la recherche et du d\u00e9veloppement, ainsi qu&rsquo;en la connexion avec les travailleurs qui utilisent nos machines hydrauliques.<\/span><span style=\"font-weight: 400\"><br \/>\n<\/span><span style=\"font-weight: 400\">Ce sont l\u00e0 les piliers de notre travail, qui nous ont permis de consolider une gamme de produits polyvalents et pratiques, con\u00e7us pour simplifier le travail difficile, du champ au chantier.<\/span><\/p>\n                    <\/div>\n                                <div class=\"flex gap-4 mt-5 \">\n                                            <a data-aos=\"fade-up\" data-aos-delay=\"150\" data-aos-anchor=\".text-image-grid-class\" href=\"https:\/\/alcaeurope.com\/fr\/de-lidee-au-produit\/\" target=\"\" title=\"Voir les produits\" class=\"relative inline-block cursor-pointer text-sm rounded-full px-6 py-2.5 font-medium focus:outline-none transition-all duration-300 ease-in-out focus-visible:outline-2 focus-visible:outline-offset-2 focus-visible:outline-primary focus-visible:ring-primary text-foreground hover:text-white bg-primary overflow-hidden group\">\n                            <span class=\"relative z-10\">Voir les produits<\/span>\n                            <span class=\"absolute bottom-0 left-0 w-full h-0 bg-foreground transition-all duration-300 ease-in-out group-hover:h-full z-0\"><\/span>\n                        <\/a>\n                                                        <\/div>\n            <\/div>\n        <\/article>\n                    <figure data-aos=\"fade-up\" data-aos-delay=\"200\" class=\"relative order-first lg:order-last overflow-hidden rounded-2xl lg:rounded-4xl h-full w-full\">\n                <img decoding=\"async\" loading=\"lazy\" src=\"https:\/\/alcaeurope.com\/wp-content\/uploads\/2025\/07\/TC500-17.png\" width=\"1080\" height=\"1080\" class=\"w-full h-full object-cover object-center\" alt=\"\">\n            <\/figure>\n            <\/section>\n<\/div>\n\n\n\n<div class=\"no-boxpadding alignwide boxspacer\">\n    <section data-aos=\"fade-up\" class=\"relative bg-foreground overflow-hidden lg:rounded-4xl text-white px-6 py-10 lg:py-20 xl:p-32\">\n        <figure class=\"absolute top-0 left-0 w-full h-full\">\n                            <img decoding=\"async\" loading=\"lazy\" src=\"https:\/\/alcaeurope.com\/wp-content\/uploads\/2025\/07\/from-idea-to-product-2.png\" width=\"1920\" height=\"1080\" class=\"w-full h-full object-cover opacity-40 object-center\" alt=\"\">\n                    <\/figure>\n        <article class=\"relative h-full w-full flex justify-center flex-col gap-5\">\n            <div class=\"flex flex-col gap-2 text-sm lg:text-base text-center max-w-2xl mx-auto\">\n                                    <p data-aos=\"fade-up\" data-aos-delay=\"50\" class=\"uppercase text-sm tracking-widest mb-2\">De l&rsquo;id\u00e9e au produit<\/p>\n                                <h3 data-aos=\"fade-up\" data-aos-delay=\"100\" class=\"text-balance text-3xl tracking-tight xl:text-4xl mb-3 lg:mb-5 font-bold\">Parlez-nous de vos besoins. Configurez votre produit d\u00e8s maintenant.<\/h3>\n                                    <div data-aos=\"fade-up\" data-aos-delay=\"150\" class=\"entry-content one-image-card-cta-class prose prose-white text-white prose-a:text-primary\">\n                        <p><span style=\"font-weight: 400\">Nous commen\u00e7ons par \u00e9couter vos besoins, puis nous vous fournissons des conseils techniques et une conception personnalis\u00e9e. Chaque machine est le fruit d&rsquo;un dialogue direct et continu, afin de vous offrir une solution et pas seulement un produit.<\/span><\/p>\n                    <\/div>\n                                <div class=\"flex items-center justify-center gap-4 mt-5\">\n                                            <a data-aos=\"fade-up\" data-aos-delay=\"200\" data-aos-anchor=\".one-image-card-cta-class\" href=\"https:\/\/alcaeurope.com\/fr\/de-lidee-au-produit\/\" target=\"\" title=\"Demander maintenant\" class=\"relative inline-block cursor-pointer text-sm rounded-full px-6 py-2.5 font-medium focus:outline-none transition-all duration-300 ease-in-out focus-visible:outline-2 focus-visible:outline-offset-2 focus-visible:outline-primary focus-visible:ring-primary text-foreground hover:text-white bg-primary overflow-hidden group\">\n                            <span class=\"relative z-10\">Demander maintenant<\/span>\n                            <span class=\"absolute bottom-0 left-0 w-full h-0 bg-foreground transition-all duration-300 ease-in-out group-hover:h-full z-0\"><\/span>\n                        <\/a>\n                                    <\/div>\n            <\/div>\n        <\/article>\n    <\/section>\n<\/div>\n\n\n<div class=\"boxspacer no-boxpadding alignwide\">\n    <section class=\"grid grid-cols-1 lg:grid-cols-2 lg:gap-10\">\n        <article data-aos=\"fade-up\" class=\"relative bg-primary h-full overflow-hidden lg:rounded-4xl w-full flex px-6 py-10 xl:p-14 justify-center flex-col gap-5\">\n            <div class=\"flex flex-col items-start justify-between w-full h-full text-sm lg:text-base gap-2\">\n                <div>\n                    <p data-aos=\"fade-up\" data-aos-delay=\"50\" class=\"uppercase text-sm tracking-widest mb-2\"><\/p>\n                    <h3 data-aos=\"fade-up\" data-aos-delay=\"100\" class=\"text-balance text-3xl tracking-tight xl:text-4xl mb-3 lg:mb-5 font-bold\">Assistance<\/h3>\n                    <div data-aos=\"fade-up\" data-aos-delay=\"150\" class=\"entry-content box-primary-class prose prose-foreground text-foreground prose-a:text-primary\">\n                        <p><span style=\"font-weight: 400\">Apr\u00e8s l&rsquo;achat, vous pouvez compter sur un service apr\u00e8s-vente ponctuel et comp\u00e9tent. Nous offrons une assistance technique directe, une maintenance programm\u00e9e et des pi\u00e8ces de rechange d&rsquo;origine pour maintenir les performances de votre machine \u00e0 leur maximum. Nous intervenons rapidement et avec le m\u00eame soin que nous apportons \u00e0 la conception, pourquoi pour nous, la qualit\u00e9 ne s&rsquo;arr\u00eate pas \u00e0 la livraison.<\/span><\/p>\n                    <\/div>\n                <\/div>\n                <div data-aos=\"fade-up\" data-aos-delay=\"200\" data-aos-anchor=\".box-primary-class\" class=\"flex gap-4 mt-5\">\n                                            <a href=\"https:\/\/alcaeurope.com\/fr\/contactez-nous\/\" target=\"\" title=\"Contactez-nous\" class=\"relative inline-block cursor-pointer text-sm rounded-full px-6 py-2.5 font-medium focus:outline-none ring ring-foreground transition-all duration-300 ease-in-out focus-visible:outline-2 focus-visible:outline-offset-2 focus-visible:outline-primary focus-visible:ring-primary text-foreground hover:text-white bg-primary overflow-hidden group\">\n                            <span class=\"relative z-10\">Contactez-nous<\/span>\n                            <span class=\"absolute bottom-0 left-0 w-full h-0 bg-foreground transition-all duration-300 ease-in-out group-hover:h-full z-0\"><\/span>\n                        <\/a>\n                                    <\/div>\n            <\/div>\n        <\/article>\n        <article data-aos=\"fade-up\" data-aos-delay=\"100\" class=\"relative bg-foreground overflow-hidden text-white lg:rounded-4xl h-full w-full flex px-6 py-10 xl:p-14 justify-center flex-col gap-5\">\n            <div class=\"flex flex-col items-start justify-between w-full h-full text-sm lg:text-base gap-2\">\n                <div>\n                    <p data-aos=\"fade-up\" data-aos-delay=\"150\" class=\"uppercase text-sm tracking-widest mb-2\"><\/p>\n                    <h3 data-aos=\"fade-up\" data-aos-delay=\"200\" class=\" text-balance text-3xl tracking-tight xl:text-4xl mb-3 lg:mb-5 font-bold\">Produits personnalis\u00e9s<\/h3>\n                    <div data-aos=\"fade-up\" data-aos-delay=\"250\" class=\"entry-content box-foreground-class prose prose-white text-white prose-a:text-primary\">\n                        <p><span style=\"font-weight: 400\">Chaque projet est diff\u00e9rent. C&rsquo;est pourquoi nos machines sont configurables en fonction de vos besoins r\u00e9els. Des bennes basculantes aux caisses surdimensionn\u00e9es, des plates-formes de chargement aux accessoires sur demande, notre objectif est de simplifier votre travail.<\/span><\/p>\n<p><span style=\"font-weight: 400\">Agriculture, construction, industrie : quel que soit le contexte op\u00e9rationnel, nous vous aidons \u00e0 choisir et \u00e0 construire la machine adapt\u00e9e pour y faire face. Le syst\u00e8me hydraulique avanc\u00e9 garantit contr\u00f4le, pr\u00e9cision et maniabilit\u00e9, m\u00eame sur des terrains complexes.<\/span><\/p>\n                    <\/div>\n                <\/div>\n                <div data-aos=\"fade-up\" data-aos-delay=\"300\" data-aos-anchor=\".box-foreground-class\" class=\"flex gap-4 mt-5\">\n                                            <a href=\"https:\/\/alcaeurope.com\/fr\/secteurs\/\" target=\"\" title=\" D\u00e9couvrez tout\" class=\"relative inline-block cursor-pointer text-sm rounded-full px-6 py-2.5 font-medium focus:outline-none ring ring-background transition-all duration-300 ease-in-out focus-visible:outline-2 focus-visible:outline-offset-2 focus-visible:outline-primary focus-visible:ring-primary text-background hover:text-foreground bg-transparent overflow-hidden group\">\n                            <span class=\"relative z-10\"> D\u00e9couvrez tout<\/span>\n                            <span class=\"absolute bottom-0 left-0 w-full h-0 bg-background transition-all duration-300 ease-in-out group-hover:h-full z-0\"><\/span>\n                        <\/a>\n                                    <\/div>\n            <\/div>\n        <\/article>\n    <\/section>\n<\/div>\n\n\n<p><\/p>\n","protected":false},"excerpt":{"rendered":"","protected":false},"author":2,"featured_media":0,"parent":0,"menu_order":5,"comment_status":"closed","ping_status":"closed","template":"","meta":{"_acf_changed":false,"inline_featured_image":false,"footnotes":""},"class_list":["post-2481","page","type-page","status-publish","hentry"],"acf":[],"_links":{"self":[{"href":"https:\/\/alcaeurope.com\/fr\/wp-json\/wp\/v2\/pages\/2481","targetHints":{"allow":["GET"]}}],"collection":[{"href":"https:\/\/alcaeurope.com\/fr\/wp-json\/wp\/v2\/pages"}],"about":[{"href":"https:\/\/alcaeurope.com\/fr\/wp-json\/wp\/v2\/types\/page"}],"author":[{"embeddable":true,"href":"https:\/\/alcaeurope.com\/fr\/wp-json\/wp\/v2\/users\/2"}],"replies":[{"embeddable":true,"href":"https:\/\/alcaeurope.com\/fr\/wp-json\/wp\/v2\/comments?post=2481"}],"version-history":[{"count":5,"href":"https:\/\/alcaeurope.com\/fr\/wp-json\/wp\/v2\/pages\/2481\/revisions"}],"predecessor-version":[{"id":2536,"href":"https:\/\/alcaeurope.com\/fr\/wp-json\/wp\/v2\/pages\/2481\/revisions\/2536"}],"wp:attachment":[{"href":"https:\/\/alcaeurope.com\/fr\/wp-json\/wp\/v2\/media?parent=2481"}],"curies":[{"name":"wp","href":"https:\/\/api.w.org\/{rel}","templated":true}]}}